{"id":3727,"date":"2023-05-25T07:37:20","date_gmt":"2023-05-25T07:37:20","guid":{"rendered":"https:\/\/relaxoto.com.tr\/fatih\/?page_id=3727"},"modified":"2024-01-25T01:32:05","modified_gmt":"2024-01-25T01:32:05","slug":"be-our-dealer","status":"publish","type":"page","link":"https:\/\/www.fatihkalem.com.tr\/en\/be-our-dealer\/","title":{"rendered":"Be Our Dealer"},"content":{"rendered":"\t\t<div data-elementor-type=\"wp-page\" data-elementor-id=\"3727\" class=\"elementor elementor-3727\">\n\t\t\t\t\t\t\t\t\t<section class=\"elementor-section elementor-top-section elementor-element elementor-element-547bd37 elementor-section-full_width elementor-section-height-default elementor-section-height-default\" data-id=\"547bd37\" data-element_type=\"section\" data-settings=\"{&quot;background_background&quot;:&quot;classic&quot;,&quot;_ha_eqh_enable&quot;:false}\">\n\t\t\t\t\t\t<div class=\"elementor-container elementor-column-gap-no\">\n\t\t\t\t\t<div class=\"elementor-column elementor-col-100 elementor-top-column elementor-element elementor-element-80f17e9\" data-id=\"80f17e9\" data-element_type=\"column\">\n\t\t\t<div class=\"elementor-widget-wrap elementor-element-populated\">\n\t\t\t\t\t\t\t\t<div class=\"elementor-element elementor-element-723bb16 elementor-widget elementor-widget-Elementor_contacts-widget\" data-id=\"723bb16\" data-element_type=\"widget\" data-widget_type=\"Elementor_contacts-widget.default\">\n\t\t\t\t<div class=\"elementor-widget-container\">\n\t\t\t <!-- contact-area -->\n<section id=\"contact\" class=\"contact-area after-none contact-bg pt-120 pb-120 p-relative fix\">\n     <div class=\"animations-12\"><img decoding=\"async\" src=\"https:\/\/www.fatihkalem.com.tr\/en\/\/wp-content\/uploads\/2023\/05\/FA50110CB12RKT.png\" alt=\"https:\/\/www.fatihkalem.com.tr\/en\/\/wp-content\/uploads\/2023\/05\/FA50110CB12RKT.png\"><\/div>\n    <div class=\"animations-13\"><img decoding=\"async\" src=\"https:\/\/www.fatihkalem.com.tr\/en\/\/wp-content\/uploads\/2023\/05\/FA50002FB6S-1.png\" alt=\"https:\/\/www.fatihkalem.com.tr\/en\/\/wp-content\/uploads\/2023\/05\/FA50002FB6S-1.png\"><\/div>\n    <div class=\"animations-14\"><img decoding=\"async\" src=\"https:\/\/www.fatihkalem.com.tr\/en\/\/wp-content\/uploads\/2023\/05\/Adsiz-tasarim-13.png\" alt=\"https:\/\/www.fatihkalem.com.tr\/en\/\/wp-content\/uploads\/2023\/05\/Adsiz-tasarim-13.png\"><\/div>\n    <div class=\"animations-15\"><img decoding=\"async\" src=\"https:\/\/www.fatihkalem.com.tr\/en\/\/wp-content\/uploads\/2023\/05\/FA500650H4RN.png\" alt=\"https:\/\/www.fatihkalem.com.tr\/en\/\/wp-content\/uploads\/2023\/05\/FA500650H4RN.png\"><\/div>\n    <div class=\"container\">\n\n        <div class=\"row\">\n\n             <div class=\"col-lg-6 order-1\">\n                <img decoding=\"async\" src=\"https:\/\/www.fatihkalem.com.tr\/en\/\/wp-content\/uploads\/2023\/05\/WhatsApp-Image-2023-05-24-at-23.19.23-1.jpeg\" alt=\"https:\/\/www.fatihkalem.com.tr\/en\/\/wp-content\/uploads\/2023\/05\/WhatsApp-Image-2023-05-24-at-23.19.23-1.jpeg\">\t\t\t\t\t\t\t\n            <\/div>\n            <div class=\"col-lg-6 order-2\">\n                <div class=\"contact-bg02 wow fadeInLeft  animated\">\n                <div class=\"section-title center-align\">\n                    <h5><\/h5>\n                    <h2>\n                        Bayimiz Ol                    <\/h2>\n                <\/div>\n\n                <div class=\"contact-form mt-35\">\n                    \n<div class=\"wpcf7 no-js\" id=\"wpcf7-f3747-o1\" lang=\"en-US\" dir=\"ltr\">\n<div class=\"screen-reader-response\"><p role=\"status\" aria-live=\"polite\" aria-atomic=\"true\"><\/p> <ul><\/ul><\/div>\n<form action=\"\/en\/wp-json\/wp\/v2\/pages\/3727#wpcf7-f3747-o1\" method=\"post\" class=\"wpcf7-form init\" aria-label=\"Contact form\" novalidate=\"novalidate\" data-status=\"init\">\n<div style=\"display: none;\">\n<input type=\"hidden\" name=\"_wpcf7\" value=\"3747\" \/>\n<input type=\"hidden\" name=\"_wpcf7_version\" value=\"5.7.6\" \/>\n<input type=\"hidden\" name=\"_wpcf7_locale\" value=\"en_US\" \/>\n<input type=\"hidden\" name=\"_wpcf7_unit_tag\" value=\"wpcf7-f3747-o1\" \/>\n<input type=\"hidden\" name=\"_wpcf7_container_post\" value=\"0\" \/>\n<input type=\"hidden\" name=\"_wpcf7_posted_data_hash\" value=\"\" \/>\n<\/div>\n<div class=\"row\">\n\t<div class=\"col-lg-12\">\n\t\t<div class=\"contact-field p-relative c-name mb-30\">\n\t\t\t<p><span class=\"wpcf7-form-control-wrap\" data-name=\"fname\"><input size=\"40\" class=\"wpcf7-form-control wpcf7-text wpcf7-validates-as-required\" aria-required=\"true\" aria-invalid=\"false\" placeholder=\"Ad Soyad\" value=\"\" type=\"text\" name=\"fname\" \/><\/span>\n\t\t\t<\/p>\n\t\t<\/div>\n\t<\/div>\n\t<div class=\"col-lg-12\">\n\t\t<div class=\"contact-field p-relative c-subject mb-30\">\n\t\t\t<p><span class=\"wpcf7-form-control-wrap\" data-name=\"email\"><input size=\"40\" class=\"wpcf7-form-control wpcf7-text wpcf7-email wpcf7-validates-as-required wpcf7-validates-as-email\" aria-required=\"true\" aria-invalid=\"false\" placeholder=\"E-mail\" value=\"\" type=\"email\" name=\"email\" \/><\/span>\n\t\t\t<\/p>\n\t\t<\/div>\n\t<\/div>\n\t<div class=\"col-lg-12\">\n\t\t<div class=\"contact-field p-relative c-subject mb-30\">\n\t\t\t<p><span class=\"wpcf7-form-control-wrap\" data-name=\"tel\"><input size=\"40\" class=\"wpcf7-form-control wpcf7-text wpcf7-tel wpcf7-validates-as-required wpcf7-validates-as-tel\" aria-required=\"true\" aria-invalid=\"false\" placeholder=\"Telefon.\" value=\"\" type=\"tel\" name=\"tel\" \/><\/span>\n\t\t\t<\/p>\n\t\t<\/div>\n\t<\/div>\n\t<div class=\"col-lg-12\">\n\t\t<div class=\"contact-field p-relative c-message mb-30\">\n\t\t\t<p><span class=\"wpcf7-form-control-wrap\" data-name=\"message\"><input size=\"40\" class=\"wpcf7-form-control wpcf7-text wpcf7-validates-as-required\" aria-required=\"true\" aria-invalid=\"false\" placeholder=\"Firma \u0130smi\" value=\"\" type=\"text\" name=\"message\" \/><\/span>\n\t\t\t<\/p>\n\t\t<\/div>\n\t<\/div>\n\t<div class=\"col-lg-12\">\n\t\t<div class=\"contact-field p-relative c-message mb-30\">\n\t\t\t<p><span class=\"wpcf7-form-control-wrap\" data-name=\"message2\"><input size=\"40\" class=\"wpcf7-form-control wpcf7-text wpcf7-validates-as-required\" aria-required=\"true\" aria-invalid=\"false\" placeholder=\"Firma Sekt\u00f6r\u00fc\" value=\"\" type=\"text\" name=\"message2\" \/><\/span>\n\t\t\t<\/p>\n\t\t<\/div>\n\t<\/div>\n\t<div class=\"col-lg-12\">\n\t\t<div class=\"contact-field p-relative c-message mb-30\">\n\t\t\t<p><span class=\"wpcf7-form-control-wrap\" data-name=\"message3\"><textarea cols=\"40\" rows=\"10\" class=\"wpcf7-form-control wpcf7-textarea wpcf7-validates-as-required\" aria-required=\"true\" aria-invalid=\"false\" placeholder=\"Hangi \u0130l \/ \u0130llerde \u00c7al\u0131\u015fmak \u0130stersiniz\" name=\"message3\"><\/textarea><\/span>\n\t\t\t<\/p>\n\t\t<\/div>\n\t<\/div>\n\t<div class=\"col-lg-12\">\n\t\t<div class=\"contact-field p-relative c-message mb-30\">\n\t\t\t<p><span class=\"wpcf7-form-control-wrap\" data-name=\"message4\"><textarea cols=\"40\" rows=\"10\" class=\"wpcf7-form-control wpcf7-textarea wpcf7-validates-as-required\" aria-required=\"true\" aria-invalid=\"false\" placeholder=\"Hangi \u00fcr\u00fcnlerde \u00e7al\u0131\u015fmak istersiniz?\" name=\"message4\"><\/textarea><\/span>\n\t\t\t<\/p>\n\t\t<\/div>\n\t<\/div>\n\t<div class=\"slider-btn\">\n\t\t<p><button class=\"btn ss-btn active\" data-animation=\"fadeInRight\" data-delay=\".8s\">G\u00f6nder<\/button>\n\t\t<\/p>\n\t<\/div>\n<\/div><div class=\"wpcf7-response-output\" aria-hidden=\"true\"><\/div>\n<\/form>\n<\/div>\n                <\/div>\n\n                <\/div>\n\n            <\/div>\n        <\/div>\n\n    <\/div>\n\n<\/section>\n<!-- contact-area-end -->\t\t<\/div>\n\t\t\t\t<\/div>\n\t\t\t\t\t<\/div>\n\t\t<\/div>\n\t\t\t\t\t\t\t<\/div>\n\t\t<\/section>\n\t\t\t\t\t\t\t<\/div>\n\t\t","protected":false},"excerpt":{"rendered":"","protected":false},"author":1,"featured_media":0,"parent":0,"menu_order":0,"comment_status":"closed","ping_status":"closed","template":"inside.php","meta":{"footnotes":""},"class_list":["post-3727","page","type-page","status-publish","hentry"],"_links":{"self":[{"href":"https:\/\/www.fatihkalem.com.tr\/en\/wp-json\/wp\/v2\/pages\/3727","targetHints":{"allow":["GET"]}}],"collection":[{"href":"https:\/\/www.fatihkalem.com.tr\/en\/wp-json\/wp\/v2\/pages"}],"about":[{"href":"https:\/\/www.fatihkalem.com.tr\/en\/wp-json\/wp\/v2\/types\/page"}],"author":[{"embeddable":true,"href":"https:\/\/www.fatihkalem.com.tr\/en\/wp-json\/wp\/v2\/users\/1"}],"replies":[{"embeddable":true,"href":"https:\/\/www.fatihkalem.com.tr\/en\/wp-json\/wp\/v2\/comments?post=3727"}],"version-history":[{"count":9,"href":"https:\/\/www.fatihkalem.com.tr\/en\/wp-json\/wp\/v2\/pages\/3727\/revisions"}],"predecessor-version":[{"id":6545,"href":"https:\/\/www.fatihkalem.com.tr\/en\/wp-json\/wp\/v2\/pages\/3727\/revisions\/6545"}],"wp:attachment":[{"href":"https:\/\/www.fatihkalem.com.tr\/en\/wp-json\/wp\/v2\/media?parent=3727"}],"curies":[{"name":"wp","href":"https:\/\/api.w.org\/{rel}","templated":true}]}}